{"id":312,"date":"2017-04-26T17:00:17","date_gmt":"2017-04-26T15:00:17","guid":{"rendered":"https:\/\/www.hattrickdesign.com\/impressum\/"},"modified":"2025-04-11T12:49:48","modified_gmt":"2025-04-11T10:49:48","slug":"imprint","status":"publish","type":"page","link":"https:\/\/www.hattrickdesign.com\/en\/imprint\/","title":{"rendered":"Imprint"},"content":{"rendered":"<div id=\"pl-312\"  class=\"panel-layout\" ><div id=\"pg-312-0\"  class=\"panel-grid panel-has-style\" ><div class=\"max-1120 panel-row-style panel-row-style-for-312-0\" ><div id=\"pgc-312-0-0\"  class=\"panel-grid-cell\" ><div id=\"panel-312-0-0-0\" class=\"so-panel widget widget_sagetextwidget panel-first-child panel-last-child\" data-index=\"0\" ><div\n\t\t\t\n\t\t\tclass=\"so-widget-sagetextwidget so-widget-sagetextwidget-base\"\n\t\t\t\n\t\t><div class=\"sagetextwidget sageanchor__parent sagetextwidget_header-layout_main-headline sagetextwidget_text-layout_copy-text sagetextwidget_align_left\">\n<h1 class=\"sagetextwidget__header\">\nImprint<\/h1>\n    <div class=\"sagetextwidget__text\">\n        <p><u>Hattrickdesign<\/u><\/p>\n<p>Freiberufliches Netzwerk<\/p>\n<p>Chris Fischer<\/p>\n<p>Steuernummer 35069\/11910<\/p>\n<p>USt-IdNr. DE412511513<\/p>\n<p>Finanzamt Karlsruhe-Stadt<\/p>\n<p>Kapellenstra\u00dfe 60<\/p>\n<p>76131 Karlsruhe<\/p>\n<p>Telefon +49 (0)721 831 799 94<\/p>\n<p>Jutta K\u00e4thler<\/p>\n<p>Steuernummer 35103\/11603<\/p>\n<p>USt-IdNr. DE014928704<\/p>\n<p>Finanzamt Karlsruhe-Stadt<\/p>\n<p>Kapellenstra\u00dfe 60<\/p>\n<p>76131 Karlsruhe<\/p>\n<p>Telefon +49 (0) 177-3079301<\/p>\n<p>Lutz Kiefer<\/p>\n<p>Steuernummer 35106\/12953<\/p>\n<p>USt-IdNr. DE235237002<\/p>\n<p>Finanzamt Karlsruhe-Stadt<\/p>\n<p>Kapellenstra\u00dfe 60<\/p>\n<p>76131 Karlsruhe<\/p>\n<p>Telefon +49 (0) 721 \/ 75 95 99 68<\/p>\n<p><u>Inhaltlich verantwortlich gem\u00e4\u00df \u00a7 55 ABS. 2 RST<\/u><\/p>\n<p>Chris Fischer, Jutta K\u00e4thler, Lutz Kiefer<\/p>\n<p><u>Design und Illustrationen<\/u><\/p>\n<p>Copyright: Chris Fischer, 2017<\/p>\n<p><u>Fotos<\/u><\/p>\n<p>Copyright: Christian Ernst, 2017<\/p>\n<p><a href=\"http:\/\/ch-ernst.de\/\">http:\/\/ch-ernst.de\/<\/a><\/p>\n<p><u>Programmierung<\/u><\/p>\n<p>SaaS Web Internet Solutions GmbH<\/p>\n<p>Matthias Wulkow<\/p>\n<p>Daniel Jagszent<\/p>\n<p><a href=\"https:\/\/www.saasweb.net\/de\">https:\/\/www.saasweb.net\/de<\/a><\/p>\n<p><u>Haftungshinweis<\/u><\/p>\n<p>Trotz sorgf\u00e4ltiger inhaltlicher Kontrolle \u00fcbernehmen wir keine Haftung f\u00fcr die Inhalte externer Links. F\u00fcr den Inhalt der verlinkten Seiten sind ausschlie\u00dflich deren Betreiber verantwortlich.<\/p>\n<p><u>Urheberrecht<\/u><\/p>\n<p>Die auf dieser Website wiedergegebenen Texte, Bilder und audiovisuellen Inhalte sowie das Layout und Design der Website sind urheberrechtlich gesch\u00fctzt und d\u00fcrfen ohne vorherige Zustimmung des Rechteinhabers nicht zu anderen als rein privaten Zwecken verwendet werden. Insbesondere ist eine \u00f6ffentliche Wiedergabe oder Ver\u00e4nderung der Inhalte unzul\u00e4ssig. Hattrickdesign, vertreten durch Jutta K\u00e4thler, Chris Fischer und Lutz Kiefer, \u00fcbernimmt keinerlei Gew\u00e4hr f\u00fcr die Aktualit\u00e4t, Korrektheit, Vollst\u00e4ndigkeit oder Qualit\u00e4t der bereitgestellten Informationen.<\/p>\n    <\/div>\n<\/div>\n<\/div><\/div><\/div><\/div><\/div><\/div>","protected":false},"excerpt":{"rendered":"<p>Imprint Hattrickdesign Freiberufliches Netzwerk Chris Fischer Steuernummer 35069\/11910 USt-IdNr. DE412511513 Finanzamt Karlsruhe-Stadt Kapellenstra\u00dfe 60 76131 Karlsruhe Telefon +49 (0)721 831 799 94 Jutta K\u00e4thler Steuernummer 35103\/11603 USt-IdNr. DE014928704 Finanzamt Karlsruhe-Stadt Kapellenstra\u00dfe 60 76131 Karlsruhe Telefon +49 (0) 177-3079301 Lutz Kiefer Steuernummer 35106\/12953 USt-IdNr. DE235237002 Finanzamt Karlsruhe-Stadt Kapellenstra\u00dfe 60 76131 Karlsruhe Telefon +49 (0) 721 \/ &hellip; <a href=\"https:\/\/www.hattrickdesign.com\/en\/imprint\/\">Continued<\/a><\/p>\n","protected":false},"author":1,"featured_media":0,"parent":0,"menu_order":50,"comment_status":"closed","ping_status":"closed","template":"","meta":{"inline_featured_image":false,"footnotes":""},"class_list":["post-312","page","type-page","status-publish","hentry","odd"],"yoast_head":"<!-- This site is optimized with the Yoast SEO plugin v27.5 - https:\/\/yoast.com\/product\/yoast-seo-wordpress\/ -->\n<title>Imprint - hattrick<\/title>\n<meta name=\"robots\" content=\"index, follow, max-snippet:-1, max-image-preview:large, max-video-preview:-1\" \/>\n<link rel=\"canonical\" href=\"https:\/\/www.hattrickdesign.com\/en\/imprint\/\" \/>\n<meta property=\"og:locale\" content=\"en_US\" \/>\n<meta property=\"og:type\" content=\"article\" \/>\n<meta property=\"og:title\" content=\"Imprint - hattrick\" \/>\n<meta property=\"og:description\" content=\"Imprint Hattrickdesign Freiberufliches Netzwerk Chris Fischer Steuernummer 35069\/11910 USt-IdNr. DE412511513 Finanzamt Karlsruhe-Stadt Kapellenstra\u00dfe 60 76131 Karlsruhe Telefon +49 (0)721 831 799 94 Jutta K\u00e4thler Steuernummer 35103\/11603 USt-IdNr. DE014928704 Finanzamt Karlsruhe-Stadt Kapellenstra\u00dfe 60 76131 Karlsruhe Telefon +49 (0) 177-3079301 Lutz Kiefer Steuernummer 35106\/12953 USt-IdNr. DE235237002 Finanzamt Karlsruhe-Stadt Kapellenstra\u00dfe 60 76131 Karlsruhe Telefon +49 (0) 721 \/ &hellip; Continued\" \/>\n<meta property=\"og:url\" content=\"https:\/\/www.hattrickdesign.com\/en\/imprint\/\" \/>\n<meta property=\"og:site_name\" content=\"hattrick\" \/>\n<meta property=\"article:publisher\" content=\"https:\/\/www.facebook.com\/Hattrickdesign-717757051729205\/\" \/>\n<meta property=\"article:modified_time\" content=\"2025-04-11T10:49:48+00:00\" \/>\n<meta name=\"twitter:card\" content=\"summary_large_image\" \/>\n<meta name=\"twitter:label1\" content=\"Est. reading time\" \/>\n\t<meta name=\"twitter:data1\" content=\"2 minutes\" \/>\n<script type=\"application\/ld+json\" class=\"yoast-schema-graph\">{\"@context\":\"https:\\\/\\\/schema.org\",\"@graph\":[{\"@type\":\"WebPage\",\"@id\":\"https:\\\/\\\/www.hattrickdesign.com\\\/en\\\/imprint\\\/\",\"url\":\"https:\\\/\\\/www.hattrickdesign.com\\\/en\\\/imprint\\\/\",\"name\":\"Imprint - hattrick\",\"isPartOf\":{\"@id\":\"https:\\\/\\\/www.hattrickdesign.com\\\/en\\\/#website\"},\"datePublished\":\"2017-04-26T15:00:17+00:00\",\"dateModified\":\"2025-04-11T10:49:48+00:00\",\"breadcrumb\":{\"@id\":\"https:\\\/\\\/www.hattrickdesign.com\\\/en\\\/imprint\\\/#breadcrumb\"},\"inLanguage\":\"en-US\",\"potentialAction\":[{\"@type\":\"ReadAction\",\"target\":[\"https:\\\/\\\/www.hattrickdesign.com\\\/en\\\/imprint\\\/\"]}]},{\"@type\":\"BreadcrumbList\",\"@id\":\"https:\\\/\\\/www.hattrickdesign.com\\\/en\\\/imprint\\\/#breadcrumb\",\"itemListElement\":[{\"@type\":\"ListItem\",\"position\":1,\"name\":\"Startseite\",\"item\":\"https:\\\/\\\/www.hattrickdesign.com\\\/en\\\/\"},{\"@type\":\"ListItem\",\"position\":2,\"name\":\"Imprint\"}]},{\"@type\":\"WebSite\",\"@id\":\"https:\\\/\\\/www.hattrickdesign.com\\\/en\\\/#website\",\"url\":\"https:\\\/\\\/www.hattrickdesign.com\\\/en\\\/\",\"name\":\"Hattrickdesign\",\"description\":\"strategic design\",\"publisher\":{\"@id\":\"https:\\\/\\\/www.hattrickdesign.com\\\/en\\\/#organization\"},\"potentialAction\":[{\"@type\":\"SearchAction\",\"target\":{\"@type\":\"EntryPoint\",\"urlTemplate\":\"https:\\\/\\\/www.hattrickdesign.com\\\/en\\\/?s={search_term_string}\"},\"query-input\":{\"@type\":\"PropertyValueSpecification\",\"valueRequired\":true,\"valueName\":\"search_term_string\"}}],\"inLanguage\":\"en-US\"},{\"@type\":\"Organization\",\"@id\":\"https:\\\/\\\/www.hattrickdesign.com\\\/en\\\/#organization\",\"name\":\"Hattrickdesign, Strategisches Design\",\"url\":\"https:\\\/\\\/www.hattrickdesign.com\\\/en\\\/\",\"logo\":{\"@type\":\"ImageObject\",\"inLanguage\":\"en-US\",\"@id\":\"https:\\\/\\\/www.hattrickdesign.com\\\/en\\\/#\\\/schema\\\/logo\\\/image\\\/\",\"url\":\"https:\\\/\\\/www.hattrickdesign.com\\\/wp-content\\\/uploads\\\/2017\\\/05\\\/Hattrick-Logo.png\",\"contentUrl\":\"https:\\\/\\\/www.hattrickdesign.com\\\/wp-content\\\/uploads\\\/2017\\\/05\\\/Hattrick-Logo.png\",\"width\":295,\"height\":87,\"caption\":\"Hattrickdesign, Strategisches Design\"},\"image\":{\"@id\":\"https:\\\/\\\/www.hattrickdesign.com\\\/en\\\/#\\\/schema\\\/logo\\\/image\\\/\"},\"sameAs\":[\"https:\\\/\\\/www.facebook.com\\\/Hattrickdesign-717757051729205\\\/\"]}]}<\/script>\n<!-- \/ Yoast SEO plugin. -->","yoast_head_json":{"title":"Imprint - hattrick","robots":{"index":"index","follow":"follow","max-snippet":"max-snippet:-1","max-image-preview":"max-image-preview:large","max-video-preview":"max-video-preview:-1"},"canonical":"https:\/\/www.hattrickdesign.com\/en\/imprint\/","og_locale":"en_US","og_type":"article","og_title":"Imprint - hattrick","og_description":"Imprint Hattrickdesign Freiberufliches Netzwerk Chris Fischer Steuernummer 35069\/11910 USt-IdNr. DE412511513 Finanzamt Karlsruhe-Stadt Kapellenstra\u00dfe 60 76131 Karlsruhe Telefon +49 (0)721 831 799 94 Jutta K\u00e4thler Steuernummer 35103\/11603 USt-IdNr. DE014928704 Finanzamt Karlsruhe-Stadt Kapellenstra\u00dfe 60 76131 Karlsruhe Telefon +49 (0) 177-3079301 Lutz Kiefer Steuernummer 35106\/12953 USt-IdNr. DE235237002 Finanzamt Karlsruhe-Stadt Kapellenstra\u00dfe 60 76131 Karlsruhe Telefon +49 (0) 721 \/ &hellip; Continued","og_url":"https:\/\/www.hattrickdesign.com\/en\/imprint\/","og_site_name":"hattrick","article_publisher":"https:\/\/www.facebook.com\/Hattrickdesign-717757051729205\/","article_modified_time":"2025-04-11T10:49:48+00:00","twitter_card":"summary_large_image","twitter_misc":{"Est. reading time":"2 minutes"},"schema":{"@context":"https:\/\/schema.org","@graph":[{"@type":"WebPage","@id":"https:\/\/www.hattrickdesign.com\/en\/imprint\/","url":"https:\/\/www.hattrickdesign.com\/en\/imprint\/","name":"Imprint - hattrick","isPartOf":{"@id":"https:\/\/www.hattrickdesign.com\/en\/#website"},"datePublished":"2017-04-26T15:00:17+00:00","dateModified":"2025-04-11T10:49:48+00:00","breadcrumb":{"@id":"https:\/\/www.hattrickdesign.com\/en\/imprint\/#breadcrumb"},"inLanguage":"en-US","potentialAction":[{"@type":"ReadAction","target":["https:\/\/www.hattrickdesign.com\/en\/imprint\/"]}]},{"@type":"BreadcrumbList","@id":"https:\/\/www.hattrickdesign.com\/en\/imprint\/#breadcrumb","itemListElement":[{"@type":"ListItem","position":1,"name":"Startseite","item":"https:\/\/www.hattrickdesign.com\/en\/"},{"@type":"ListItem","position":2,"name":"Imprint"}]},{"@type":"WebSite","@id":"https:\/\/www.hattrickdesign.com\/en\/#website","url":"https:\/\/www.hattrickdesign.com\/en\/","name":"Hattrickdesign","description":"strategic design","publisher":{"@id":"https:\/\/www.hattrickdesign.com\/en\/#organization"},"potentialAction":[{"@type":"SearchAction","target":{"@type":"EntryPoint","urlTemplate":"https:\/\/www.hattrickdesign.com\/en\/?s={search_term_string}"},"query-input":{"@type":"PropertyValueSpecification","valueRequired":true,"valueName":"search_term_string"}}],"inLanguage":"en-US"},{"@type":"Organization","@id":"https:\/\/www.hattrickdesign.com\/en\/#organization","name":"Hattrickdesign, Strategisches Design","url":"https:\/\/www.hattrickdesign.com\/en\/","logo":{"@type":"ImageObject","inLanguage":"en-US","@id":"https:\/\/www.hattrickdesign.com\/en\/#\/schema\/logo\/image\/","url":"https:\/\/www.hattrickdesign.com\/wp-content\/uploads\/2017\/05\/Hattrick-Logo.png","contentUrl":"https:\/\/www.hattrickdesign.com\/wp-content\/uploads\/2017\/05\/Hattrick-Logo.png","width":295,"height":87,"caption":"Hattrickdesign, Strategisches Design"},"image":{"@id":"https:\/\/www.hattrickdesign.com\/en\/#\/schema\/logo\/image\/"},"sameAs":["https:\/\/www.facebook.com\/Hattrickdesign-717757051729205\/"]}]}},"_links":{"self":[{"href":"https:\/\/www.hattrickdesign.com\/en\/wp-json\/wp\/v2\/pages\/312","targetHints":{"allow":["GET"]}}],"collection":[{"href":"https:\/\/www.hattrickdesign.com\/en\/wp-json\/wp\/v2\/pages"}],"about":[{"href":"https:\/\/www.hattrickdesign.com\/en\/wp-json\/wp\/v2\/types\/page"}],"author":[{"embeddable":true,"href":"https:\/\/www.hattrickdesign.com\/en\/wp-json\/wp\/v2\/users\/1"}],"replies":[{"embeddable":true,"href":"https:\/\/www.hattrickdesign.com\/en\/wp-json\/wp\/v2\/comments?post=312"}],"version-history":[{"count":37,"href":"https:\/\/www.hattrickdesign.com\/en\/wp-json\/wp\/v2\/pages\/312\/revisions"}],"predecessor-version":[{"id":2507,"href":"https:\/\/www.hattrickdesign.com\/en\/wp-json\/wp\/v2\/pages\/312\/revisions\/2507"}],"wp:attachment":[{"href":"https:\/\/www.hattrickdesign.com\/en\/wp-json\/wp\/v2\/media?parent=312"}],"curies":[{"name":"wp","href":"https:\/\/api.w.org\/{rel}","templated":true}]}}